{"id":950,"date":"2023-05-09T14:13:06","date_gmt":"2023-05-09T12:13:06","guid":{"rendered":"http:\/\/installacions-audiovisuals.recursos.uoc.edu\/?page_id=950"},"modified":"2023-08-28T10:32:03","modified_gmt":"2023-08-28T08:32:03","slug":"bibliografia","status":"publish","type":"page","link":"http:\/\/installacions-aud-recursos.azurewebsites.net\/es\/bibliografia\/","title":{"rendered":"Bibliograf\u00eda"},"content":{"rendered":"<h3><strong>Arte digital<\/strong><\/h3>\n<p>Paul, Christiane. <em>Digital Art<\/em>. Londres: Thames &amp; Hudson, 2003.<\/p>\n<p>Shanken, Edward A. <em>Art and Electronic Media<\/em>. Londres: Phaidon Press, 2009.<\/p>\n<p>Shanken, Edward A. <em>Inventar el futuro: arte, electricidad, nuevos medios<\/em>. Brooklyn: Departamento de Ficci\u00f3n, 2013. <a href=\"https:\/\/inventarelfuturo.wordpress.com\/\" target=\"_blank\" rel=\"noopener\">https:\/\/inventarelfuturo.wordpress.com\/<\/a>.<\/p>\n<p>Wilson, Stephen. <em>Information Arts. Intersections of art, science and technology. <\/em>Massachusetts: The MIT press, 2002.<\/p>\n<h3><strong>Del videoarte al <em>mapping<\/em> <\/strong><\/h3>\n<p>History of Computer Animation . \u00abHistory of computer animation\u00bb<em>. <\/em>[en l\u00ednia] Fecha de acceso: 26 de enero de 2023, <a href=\"https:\/\/computeranimationhistory-cgi.jimdofree.com\/\" target=\"_blank\" rel=\"noopener\">https:\/\/computeranimationhistory-cgi.jimdofree.com\/<\/a>.<\/p>\n<p>Gubern, Rom\u00e1n. <em>Del bisonte a la realidad virtual (La escena y el laberinto)<\/em>. Barcelona: Editorial Anagrama, 1996.<\/p>\n<p>Youngblood, Gene. <em>Expanded Cinema<\/em>. Nueva York: E. P. Dutton, 1970.<\/p>\n<h3><strong><em>Video killed the radio star<\/em><\/strong><strong>. Videoarte y cultura de masas<\/strong><\/h3>\n<p>Marcuse, Herbert.\u00a0<i data-stringify-type=\"italic\">El hombre unidimensional<\/i>. Barcelona: Planeta, 1967.<\/p>\n<p>Wolf, Mauro. <em>La investigaci\u00f3n de la comunicaci\u00f3n de masas<\/em>. Barcelona: Ediciones Paid\u00f3s, 1987.<\/p>\n<h3><strong>Psicodelia, <em>vjing<\/em>, <em>rave<\/em> y cultura del remix<\/strong><\/h3>\n<p>D-Fuse.\u00a0<i data-stringify-type=\"italic\">VJ: Audiovisual Art + VJ Culture<\/i>. London: Laurence King, 2006.<\/p>\n<p>P\u00e9rez-Bustamante, Blanca Regina. \u201cEl VJ y la creaci\u00f3n audiovisual performativa: hacia una est\u00e9tica radical de la postmodernidad\u201d.Tesi doctoral. Universidad Rey Juan Carlos, 2010<em>.<\/em> <a href=\"https:\/\/burjcdigital.urjc.es\/bitstream\/handle\/10115\/5325\/Libro_tesisBlanca-Final2011.pdf?sequence=1&amp;isAllowed=y\" target=\"_blank\" rel=\"noopener\">https:\/\/burjcdigital.urjc.es\/bitstream\/handle\/10115\/5325\/Libro_tesisBlanca-Final2011.pdf<\/a><\/p>\n<p>Ustarroz, C\u00e9sar. <em>Teor\u00eda del Vjing. Realizaci\u00f3n y representaci\u00f3n a tiempo real.<\/em> Madrid: Ediciones Libertarias, 2010.<\/p>\n<p>Polite, Pablo G. y S\u00e1nchez, Sergi (coord.). <em>El sonido de la velocidad. Cine y m\u00fasica electr\u00f3nica<\/em>. Barcelona: Ediciones Alpha Decay, 2005.<\/p>\n<h3><strong><em>Mapping<\/em><\/strong><strong>, o el abandono de los marcos cuadrados<\/strong><\/h3>\n<p>Oiz, Iker. <em>Mapping. Luz, sonido, espacio y percepci\u00f3n<\/em>. Trabajo final de m\u00e1ster, Universidad Polit\u00e9cnica de Valencia, 2013. <a href=\"https:\/\/riunet.upv.es\/bitstream\/handle\/10251\/35050\/MEMORIA.pdf?sequence\" target=\"_blank\" rel=\"noopener\">https:\/\/riunet.upv.es\/bitstream\/handle\/10251\/35050\/MEMORIA.pdf?sequence<\/a>.<\/p>\n<h3><strong><em>Light art<\/em><\/strong><strong>\u00a0<\/strong><\/h3>\n<p>C\u00edrculo de Bellas Artes (coord.). <em>El arte de la luz. L\u00e1szl\u00f3 Moholy-Nagy.<\/em> Madrid: La F\u00e1brica, 2010. <a href=\"https:\/\/monoskop.org\/images\/b\/b4\/Moholy-Nagy_Laszlo_El_Arte_de_la_Luz_catalogue_Spanish.pdf\" target=\"_blank\" rel=\"noopener\">https:\/\/monoskop.org\/images\/b\/b4\/Moholy-Nagy_Laszlo_El_Arte_de_la_Luz_catalogue_Spanish.pdf<\/a>.<\/p>\n<h3><strong>Interactividad, creatividad y c\u00f3digo<\/strong><\/h3>\n<p>Borenstein, Greg. <em>Making Things See<\/em>. Sebastopol: O\u2019Reilly Media, 2012.<\/p>\n<p>Igoe, Tom. <em>Making Things Talk<\/em>. Sebastopol: O\u2019reilly Media, 2007.<\/p>\n<p>Margolis, Michael. <em>Arduino Cookbook<\/em>. Sebastopol: O\u2019Reilly Media, 2014.<\/p>\n<p>Noble, John. <em>Programming Interactivity<\/em>. Sebastopol: O\u2019Reilly Media, 2009.<\/p>\n<h3><strong>Protocolos de comunicaci\u00f3n<\/strong><\/h3>\n<p>Lario, Sergi. <em>Introducci\u00f3n al protocolo de comunicaci\u00f3n Open Sound Control<\/em>.<em> Mosaic<\/em>, 170 (2019).<br \/>\n<a href=\"https:\/\/doi.org\/10.7238\/m.n170.1924\" target=\"_blank\" rel=\"noopener\">https:\/\/doi.org\/10.7238\/m.n170.1924<\/a>.<\/p>\n","protected":false},"excerpt":{"rendered":"<p>Arte digital Paul, Christiane. Digital Art. Londres: Thames &amp; Hudson, 2003. Shanken, Edward A. Art and Electronic Media. Londres: Phaidon Press, 2009. Shanken, Edward A. Inventar el futuro: arte, electricidad, nuevos medios. Brooklyn: Departamento de Ficci\u00f3n, 2013. https:\/\/inventarelfuturo.wordpress.com\/. Wilson, Stephen. Information Arts. Intersections of art, science and technology. Massachusetts: The MIT press, 2002. Del videoarte [&hellip;]<\/p>\n","protected":false},"author":2,"featured_media":0,"parent":0,"menu_order":0,"comment_status":"closed","ping_status":"closed","template":"","meta":[],"acf":[],"_links":{"self":[{"href":"http:\/\/installacions-aud-recursos.azurewebsites.net\/es\/wp-json\/wp\/v2\/pages\/950"}],"collection":[{"href":"http:\/\/installacions-aud-recursos.azurewebsites.net\/es\/wp-json\/wp\/v2\/pages"}],"about":[{"href":"http:\/\/installacions-aud-recursos.azurewebsites.net\/es\/wp-json\/wp\/v2\/types\/page"}],"author":[{"embeddable":true,"href":"http:\/\/installacions-aud-recursos.azurewebsites.net\/es\/wp-json\/wp\/v2\/users\/2"}],"replies":[{"embeddable":true,"href":"http:\/\/installacions-aud-recursos.azurewebsites.net\/es\/wp-json\/wp\/v2\/comments?post=950"}],"version-history":[{"count":19,"href":"http:\/\/installacions-aud-recursos.azurewebsites.net\/es\/wp-json\/wp\/v2\/pages\/950\/revisions"}],"predecessor-version":[{"id":1263,"href":"http:\/\/installacions-aud-recursos.azurewebsites.net\/es\/wp-json\/wp\/v2\/pages\/950\/revisions\/1263"}],"wp:attachment":[{"href":"http:\/\/installacions-aud-recursos.azurewebsites.net\/es\/wp-json\/wp\/v2\/media?parent=950"}],"curies":[{"name":"wp","href":"https:\/\/api.w.org\/{rel}","templated":true}]}}