{"id":935,"date":"2023-05-09T13:58:37","date_gmt":"2023-05-09T11:58:37","guid":{"rendered":"http:\/\/installacions-audiovisuals.recursos.uoc.edu\/?page_id=935"},"modified":"2023-07-06T10:13:39","modified_gmt":"2023-07-06T08:13:39","slug":"4-2-4-datos","status":"publish","type":"page","link":"http:\/\/installacions-aud-recursos.azurewebsites.net\/es\/4-2-4-datos\/","title":{"rendered":"4.2.4. Datos"},"content":{"rendered":"<p>Los datos obtenidos a partir de sistemas remotos son tambi\u00e9n una fuente interesante para dise\u00f1ar interacciones. Desde los datos horarios hasta el mercado de valores, el an\u00e1lisis de los datos puede aportar un buen soporte conceptual a nuestra obra.<\/p>\n<ul>\n<li><strong>Datos horarios<\/strong>. Los datos horarios, as\u00ed como los del calendario (d\u00eda, mes, estaci\u00f3n, a\u00f1o) nos pueden dar un contexto interesante, posibilitando que nuestra obra evolucione seg\u00fan ciclos como el d\u00eda y la noche, la estaci\u00f3n del a\u00f1o o, inclusive, durante largos periodos de tiempo.<\/li>\n<li><strong>GPS<\/strong>. El sistema de posicionamiento global nos ofrece coordenadas espaciales que pueden integrar una dimensi\u00f3n de geolocalizaci\u00f3n en nuestras instalaciones.<\/li>\n<li><strong>Valores burs\u00e1tiles<\/strong>. Los mercados de valores publican datos en tiempo real de la evoluci\u00f3n de los precios de las acciones de las sociedades an\u00f3nimas. Estos datos pueden utilizarse para dise\u00f1ar interacciones si, por ejemplo, nuestra obra hace un an\u00e1lisis cr\u00edtico del capitalismo y de los mercados financieros.<\/li>\n<li><strong>Datos astron\u00f3micos<\/strong>. La evoluci\u00f3n de los astros, el tr\u00e1fico de cometas, los ciclos solares, las fases de la luna o las lluvias de asteroides, entre otras cosas, son datos bien documentados y habitualmente abiertos gracias a una red planetaria de observatorios astron\u00f3micos y agencias espaciales. Podemos usar estos datos, si queremos, como parte de nuestras obras.<\/li>\n<li><strong>Sistemas de votaci\u00f3n<\/strong>. Gracias a los tel\u00e9fonos inteligentes de los espectadores, y por medio de las aplicaciones m\u00f3viles para encuestar, podemos acceder a los resultados de estas encuestas y modificar los contenidos audiovisuales de nuestra obra. Este tipo de interacciones mediadas por los tel\u00e9fonos inteligentes est\u00e1n en continua evoluci\u00f3n y permiten dise\u00f1os muy precisos.<\/li>\n<li><strong>Bases de datos generales<\/strong>. En general, en Internet existen multitud de bases de datos de naturalezas varias y actualizadas en tiempo real, que en muchas ocasiones podemos consultar abiertamente e integrar en nuestra obra. Datos de <em>tracking<\/em> de fauna en peligro de extinci\u00f3n, datos de deforestaci\u00f3n, indicadores econ\u00f3micos y sociales, parques inmobiliarios, transacciones mercantiles, etc. Todo esto son informaciones que est\u00e1n al alcance de nuestros discursos.<strong>\u00a0<\/strong><\/li>\n<\/ul>\n<p><iframe loading=\"lazy\" title=\"Drip-By-Tweet -- Twitter Voting System Laus Audience Awards\" src=\"https:\/\/player.vimeo.com\/video\/221185107?dnt=1&amp;app_id=122963\" width=\"640\" height=\"360\" frameborder=\"0\" allow=\"autoplay; fullscreen; picture-in-picture\" allowfullscreen><\/iframe><\/p>\n<div class=\"tablefooter\"><p>Video 70. Domestic Data Streamers. <em>Drip-By-Tweet, Twitter Voting System Laus Audience Awards<\/em> (2014)<br \/>\nFuente: <a href=\"https:\/\/vimeo.com\/221185107\" target=\"_blank\" rel=\"noopener\">https:\/\/vimeo.com\/221185107<\/a><\/p>\n<\/div>\n","protected":false},"excerpt":{"rendered":"<p>Los datos obtenidos a partir de sistemas remotos son tambi\u00e9n una fuente interesante para dise\u00f1ar interacciones. Desde los datos horarios hasta el mercado de valores, el an\u00e1lisis de los datos puede aportar un buen soporte conceptual a nuestra obra. Datos horarios. Los datos horarios, as\u00ed como los del calendario (d\u00eda, mes, estaci\u00f3n, a\u00f1o) nos pueden [&hellip;]<\/p>\n","protected":false},"author":2,"featured_media":0,"parent":0,"menu_order":0,"comment_status":"closed","ping_status":"closed","template":"","meta":[],"acf":[],"_links":{"self":[{"href":"http:\/\/installacions-aud-recursos.azurewebsites.net\/es\/wp-json\/wp\/v2\/pages\/935"}],"collection":[{"href":"http:\/\/installacions-aud-recursos.azurewebsites.net\/es\/wp-json\/wp\/v2\/pages"}],"about":[{"href":"http:\/\/installacions-aud-recursos.azurewebsites.net\/es\/wp-json\/wp\/v2\/types\/page"}],"author":[{"embeddable":true,"href":"http:\/\/installacions-aud-recursos.azurewebsites.net\/es\/wp-json\/wp\/v2\/users\/2"}],"replies":[{"embeddable":true,"href":"http:\/\/installacions-aud-recursos.azurewebsites.net\/es\/wp-json\/wp\/v2\/comments?post=935"}],"version-history":[{"count":8,"href":"http:\/\/installacions-aud-recursos.azurewebsites.net\/es\/wp-json\/wp\/v2\/pages\/935\/revisions"}],"predecessor-version":[{"id":1208,"href":"http:\/\/installacions-aud-recursos.azurewebsites.net\/es\/wp-json\/wp\/v2\/pages\/935\/revisions\/1208"}],"wp:attachment":[{"href":"http:\/\/installacions-aud-recursos.azurewebsites.net\/es\/wp-json\/wp\/v2\/media?parent=935"}],"curies":[{"name":"wp","href":"https:\/\/api.w.org\/{rel}","templated":true}]}}