{"id":925,"date":"2023-05-09T13:55:46","date_gmt":"2023-05-09T11:55:46","guid":{"rendered":"http:\/\/installacions-audiovisuals.recursos.uoc.edu\/?page_id=925"},"modified":"2023-07-06T10:13:18","modified_gmt":"2023-07-06T08:13:18","slug":"4-2-3-sensors-electronics","status":"publish","type":"page","link":"http:\/\/installacions-aud-recursos.azurewebsites.net\/es\/4-2-3-sensors-electronics\/","title":{"rendered":"4.2.3. Sensores electr\u00f3nicos"},"content":{"rendered":"<p>Los sistemas interactivos m\u00e1s populares y ubicuos suelen estar basados en elementos f\u00edsicos: botones, potenci\u00f3metros, palancas\u2026 A este tipo de interactuadores electromec\u00e1nicos podemos sumarles los sensores electr\u00f3nicos que obtienen informaci\u00f3n del entorno y la transforman en datos digitales que pueden ser analizados y usados como causas de un dise\u00f1o interactivo.<\/p>\n<ul>\n<li><strong>Botones<\/strong>. Los botones permiten una interacci\u00f3n simple que nos da una informaci\u00f3n binaria: <em>on<\/em>\/<em>off<\/em>.<\/li>\n<li><strong>Potenci\u00f3metros<\/strong>. Los potenci\u00f3metros son resistencias variables que nos dan una informaci\u00f3n continua, desde un m\u00ednimo hasta un m\u00e1ximo. Se utilizan com\u00fanmente para controlar el volumen de un sistema de sonido, y pueden tener m\u00faltiples usos dentro de un dise\u00f1o interactivo.<\/li>\n<li><strong>Sensores piezoel\u00e9ctricos<\/strong>. Los sensores piezoel\u00e9ctricos son sensores de vibraci\u00f3n. Integrados en una baldosa de madera, por ejemplo, nos permiten determinar cu\u00e1ndo esta madera ha sido golpeada o pisada.<\/li>\n<li><strong>Sensores capacitivos<\/strong>. Los sensores capacitivos permiten determinar cu\u00e1ndo un objeto ha sido tocado e, incluso, con qu\u00e9 presi\u00f3n. Los sensores capacitivos son extensos y tienen muchas funcionalidades diferentes; inclusive existen sistemas, como MakeyMakey, que permiten convertir frutas en objetos interactivos.<\/li>\n<li><strong>Sensores de distancia<\/strong>. Los sensores de distancia (por infrarrojos o ultrasonidos) nos permiten determinar a qu\u00e9 distancia se encuentra un objeto de otro.<\/li>\n<li><strong>Sensores PIR<\/strong>. Los sensores PIR detectan la luz infrarroja que irradian los objetos a su alrededor. Se usan com\u00fanmente para detectar movimientos de personas.<\/li>\n<li><strong>Sensores de luz<\/strong>. Los sensores de luz (fotoc\u00e9lulas o LDR) responden a la cantidad de luz ambiental, y nos permiten dise\u00f1ar interacciones que var\u00edan seg\u00fan la cantidad de luz u oscuridad recibida por los sensores.<\/li>\n<li><strong>Sensores de humedad<\/strong>. Los sensores de humedad analizan la humedad ambiente y devuelven valores que representan rangos que van desde la sequedad total hasta la inmersi\u00f3n dentro del agua del propio sensor.<\/li>\n<li><strong>Termistores<\/strong>. Los termistores son sensores de temperatura que nos ofrecen informaci\u00f3n sobre la temperatura ambiente, y esta informaci\u00f3n la podemos utilizar como elemento interactivo de nuestra obra. Suelen utilizarse en sistemas dom\u00f3ticos para regular sistemas de calefacci\u00f3n (termostatos).<\/li>\n<li><strong>Sensores de gases<\/strong>. Los sensores de gases nos dan informaci\u00f3n sobre la presencia de gases en el ambiente. Encontramos este tipo de sensores para CO<sub>2<\/sub>, mon\u00f3xido de carbono, ozono, metano, etc.<\/li>\n<\/ul>\n<p><iframe loading=\"lazy\" title=\"MaKey MaKey - An Invention Kit for Everyone\" width=\"640\" height=\"360\" src=\"https:\/\/www.youtube.com\/embed\/rfQqh7iCcOU?feature=oembed\" frameborder=\"0\" allow=\"accelerometer; autoplay; clipboard-write; encrypted-media; gyroscope; picture-in-picture; web-share\" allowfullscreen><\/iframe><\/p>\n<div class=\"tablefooter\"><p>Video 69. MaKey MaKey &#8211; <em>An Invention Kit for Everyone\u00a0<\/em>(2012)<br \/>\nFuente: <a href=\"https:\/\/www.youtube.com\/watch?v=rfQqh7iCcOU&amp;ab_channel=JaySilver\" target=\"_blank\" rel=\"noopener\">https:\/\/www.youtube.com\/watch?v=rfQqh7iCcOU&amp;ab_channel=JaySilver<\/a><\/p>\n<\/div>\n<div class=\"featured featured-blue\"><\/p>\n<h3>Arduino<\/h3>\n<p>Dentro del contexto del dise\u00f1o interactivo mediante sensores y actuadores, en los \u00faltimos a\u00f1os proyectos <em>Open Source<\/em> como <a href=\"https:\/\/www.arduino.cc\/\" target=\"_blank\" rel=\"noopener\">Arduino<\/a> han hecho muy populares estas tecnolog\u00edas, y se han convertido en una fuente gratuita, amplia y popular de conocimiento en torno a este tipo de ingenier\u00eda.<\/p>\n<figure id=\"attachment_512\" aria-describedby=\"caption-attachment-512\" style=\"width: 500px\" class=\"wp-caption alignnone\"><img decoding=\"async\" loading=\"lazy\" class=\"wp-image-512\" src=\"\/wp-content\/uploads\/2023\/05\/PID_00294056_4_46.jpeg\" alt=\"\" width=\"500\" height=\"375\" srcset=\"\/wp-content\/uploads\/2023\/05\/PID_00294056_4_46.jpeg 800w, \/wp-content\/uploads\/2023\/05\/PID_00294056_4_46-300x225.jpeg 300w, \/wp-content\/uploads\/2023\/05\/PID_00294056_4_46-768x576.jpeg 768w\" sizes=\"(max-width: 500px) 100vw, 500px\" \/><figcaption id=\"caption-attachment-512\" class=\"wp-caption-text\">Figura 24. Arduino. Arduino UNO R3<br \/>Fuente: <a href=\"https:\/\/www.arduino.cc\/en\/hardware\" target=\"_blank\" rel=\"noopener\">https:\/\/www.arduino.cc\/en\/hardware<\/a><\/figcaption><\/figure>\n<p>\n<\/div>\n<p>&nbsp;<\/p>\n","protected":false},"excerpt":{"rendered":"<p>Los sistemas interactivos m\u00e1s populares y ubicuos suelen estar basados en elementos f\u00edsicos: botones, potenci\u00f3metros, palancas\u2026 A este tipo de interactuadores electromec\u00e1nicos podemos sumarles los sensores electr\u00f3nicos que obtienen informaci\u00f3n del entorno y la transforman en datos digitales que pueden ser analizados y usados como causas de un dise\u00f1o interactivo. Botones. Los botones permiten una [&hellip;]<\/p>\n","protected":false},"author":2,"featured_media":0,"parent":0,"menu_order":0,"comment_status":"closed","ping_status":"closed","template":"","meta":[],"acf":[],"_links":{"self":[{"href":"http:\/\/installacions-aud-recursos.azurewebsites.net\/es\/wp-json\/wp\/v2\/pages\/925"}],"collection":[{"href":"http:\/\/installacions-aud-recursos.azurewebsites.net\/es\/wp-json\/wp\/v2\/pages"}],"about":[{"href":"http:\/\/installacions-aud-recursos.azurewebsites.net\/es\/wp-json\/wp\/v2\/types\/page"}],"author":[{"embeddable":true,"href":"http:\/\/installacions-aud-recursos.azurewebsites.net\/es\/wp-json\/wp\/v2\/users\/2"}],"replies":[{"embeddable":true,"href":"http:\/\/installacions-aud-recursos.azurewebsites.net\/es\/wp-json\/wp\/v2\/comments?post=925"}],"version-history":[{"count":11,"href":"http:\/\/installacions-aud-recursos.azurewebsites.net\/es\/wp-json\/wp\/v2\/pages\/925\/revisions"}],"predecessor-version":[{"id":1207,"href":"http:\/\/installacions-aud-recursos.azurewebsites.net\/es\/wp-json\/wp\/v2\/pages\/925\/revisions\/1207"}],"wp:attachment":[{"href":"http:\/\/installacions-aud-recursos.azurewebsites.net\/es\/wp-json\/wp\/v2\/media?parent=925"}],"curies":[{"name":"wp","href":"https:\/\/api.w.org\/{rel}","templated":true}]}}