{"id":900,"date":"2023-05-09T13:27:20","date_gmt":"2023-05-09T11:27:20","guid":{"rendered":"http:\/\/installacions-audiovisuals.recursos.uoc.edu\/?page_id=900"},"modified":"2023-07-06T10:11:10","modified_gmt":"2023-07-06T08:11:10","slug":"3-10-5-postproyecto","status":"publish","type":"page","link":"http:\/\/installacions-aud-recursos.azurewebsites.net\/es\/3-10-5-postproyecto\/","title":{"rendered":"3.10.5. Postproyecto"},"content":{"rendered":"<p>Cuando la exhibici\u00f3n termina, a\u00fan quedan algunas tareas pendientes. Desde las tareas administrativas relacionadas con los pagos y la facturaci\u00f3n, hasta la edici\u00f3n de los materiales documentales y la publicaci\u00f3n en las redes. Veamos en detalle estas tareas.<\/p>\n<h4><strong>Facturaci\u00f3n<\/strong><\/h4>\n<p>Si a\u00fan no lo hemos hecho, tenemos que generar las facturas necesarias para cobrar los honorarios art\u00edsticos y los costes de producci\u00f3n de la obra.<\/p>\n<h4><strong>Edici\u00f3n de la documentaci\u00f3n<\/strong><\/h4>\n<p>Tambi\u00e9n es el momento de editar los materiales documentales que hayamos obtenido durante la exhibici\u00f3n: videos, fotos y audios. Es importante crear un formato documental que resista bien el paso del tiempo \u2013que sea lo m\u00e1s transparente posible y que, simplemente, se limite a documentar la obra\u2013, pero que tambi\u00e9n sea atractivo como material promocional.<\/p>\n<p>Playmodes cre\u00f3 estos dos videores\u00famenes a partir de la documentaci\u00f3n. Uno, m\u00e1s largo, sirve como material de archivo, dado que permite hacer un an\u00e1lisis m\u00e1s profundo de la obra. El otro, m\u00e1s corto, es m\u00e1s adecuado como material promocional, porque se puede compartir en las redes sociales.<\/p>\n<p><iframe loading=\"lazy\" title=\"HORIZON [full] \/\/ Light &amp; Sound Immersive installation @ LlumBCN . Barcelona 11\/21\" src=\"https:\/\/player.vimeo.com\/video\/658861897?dnt=1&amp;app_id=122963\" width=\"640\" height=\"360\" frameborder=\"0\" allow=\"autoplay; fullscreen; picture-in-picture\" allowfullscreen><\/iframe><\/p>\n<div class=\"tablefooter\"><p>Video 64. Video Playmodes &#8211; <em>Horizon<\/em> llarg (2022)<br \/>\nFuente: <a href=\"https:\/\/vimeo.com\/658861897?embedded=true&amp;source=vimeo_logo&amp;owner=7721912\" target=\"_blank\" rel=\"noopener\">https:\/\/vimeo.com\/658861897?embedded=true&amp;source=vimeo_logo&amp;owner=7721912<\/a><\/p>\n<\/div>\n<p><iframe loading=\"lazy\" title=\"HORIZON [excerpt] \/\/ Light &amp; Sound Immersive installation @ LlumBCN . Barcelona 11\/21\" src=\"https:\/\/player.vimeo.com\/video\/667741883?dnt=1&amp;app_id=122963\" width=\"640\" height=\"360\" frameborder=\"0\" allow=\"autoplay; fullscreen; picture-in-picture\" allowfullscreen><\/iframe><\/p>\n<div class=\"tablefooter\"><p>Video 65. Video Playmodes &#8211; <em>Horizon<\/em> excerpt curt (2022)<br \/>\nFuente: <a href=\"https:\/\/vimeo.com\/667741883?embedded=true&amp;source=vimeo_logo&amp;owner=7721912\" target=\"_blank\" rel=\"noopener\">https:\/\/vimeo.com\/667741883?embedded=true&amp;source=vimeo_logo&amp;owner=7721912<\/a><\/p>\n<\/div>\n<div class=\"featured featured-grey\"><p>Para m\u00e1s informaci\u00f3n:<br \/>\n<a href=\"https:\/\/www.playmodes.com\/home\/horizon\/\" target=\"_blank\" rel=\"noopener\">https:\/\/www.playmodes.com\/home\/horizon\/<\/a><\/p>\n<\/div>\n<p>Adem\u00e1s, una vez creado el proyecto, vale la pena revisar el documento PDF inicial, a\u00f1adiendo las fotograf\u00edas de la pieza acabada y actualiz\u00e1ndolo con las nuevas informaciones que se puedan desprender de la ejecuci\u00f3n real del proyecto.<\/p>\n<div class=\"featured featured-grey\"><p>Ved tambi\u00e9n:<br \/>\nEl <a href=\"https:\/\/www.playmodes.com\/wp-content\/uploads\/2021\/12\/horizon.pdf\" target=\"_blank\" rel=\"noopener\">documento final<\/a> que Playmodes utiliza para seguir ofreciendo esta instalaci\u00f3n a otros festivales.<\/p>\n<\/div>\n<h4><strong>Publicaci\u00f3n en las redes y en la prensa<\/strong><\/h4>\n<p>Una vez que los materiales documentales est\u00e1n listos, es bueno planificar una estrategia de publicaci\u00f3n de la obra en las redes sociales para poder llegar a una audiencia global. Ir\u00f3nicamente, nuestras instalaciones ser\u00e1n vistas por m\u00e1s personas en las redes telem\u00e1ticas que en la vida real, as\u00ed que vale la pena poner un poco de atenci\u00f3n. Debemos elegir bien las plataformas en las que queremos hacer p\u00fablica nuestra obra (Facebook, YouTube, Vimeo, Twitter, una p\u00e1gina web propia\u2026) y de qu\u00e9 manera queremos presentarla al mundo. Tambi\u00e9n vale la pena explorar el contacto con medios especializados, como blogs y magazines. Algunos medios, como FACT Magazine, Vice, Creators Project, Creativeapplications, Holo, Medium\u2026, publican habitualmente documentaciones de instalaciones audiovisuales que ensanchan el impacto medi\u00e1tico de estas obras.<\/p>\n","protected":false},"excerpt":{"rendered":"<p>Cuando la exhibici\u00f3n termina, a\u00fan quedan algunas tareas pendientes. Desde las tareas administrativas relacionadas con los pagos y la facturaci\u00f3n, hasta la edici\u00f3n de los materiales documentales y la publicaci\u00f3n en las redes. Veamos en detalle estas tareas. Facturaci\u00f3n Si a\u00fan no lo hemos hecho, tenemos que generar las facturas necesarias para cobrar los honorarios [&hellip;]<\/p>\n","protected":false},"author":2,"featured_media":0,"parent":0,"menu_order":0,"comment_status":"closed","ping_status":"closed","template":"","meta":[],"acf":[],"_links":{"self":[{"href":"http:\/\/installacions-aud-recursos.azurewebsites.net\/es\/wp-json\/wp\/v2\/pages\/900"}],"collection":[{"href":"http:\/\/installacions-aud-recursos.azurewebsites.net\/es\/wp-json\/wp\/v2\/pages"}],"about":[{"href":"http:\/\/installacions-aud-recursos.azurewebsites.net\/es\/wp-json\/wp\/v2\/types\/page"}],"author":[{"embeddable":true,"href":"http:\/\/installacions-aud-recursos.azurewebsites.net\/es\/wp-json\/wp\/v2\/users\/2"}],"replies":[{"embeddable":true,"href":"http:\/\/installacions-aud-recursos.azurewebsites.net\/es\/wp-json\/wp\/v2\/comments?post=900"}],"version-history":[{"count":5,"href":"http:\/\/installacions-aud-recursos.azurewebsites.net\/es\/wp-json\/wp\/v2\/pages\/900\/revisions"}],"predecessor-version":[{"id":1203,"href":"http:\/\/installacions-aud-recursos.azurewebsites.net\/es\/wp-json\/wp\/v2\/pages\/900\/revisions\/1203"}],"wp:attachment":[{"href":"http:\/\/installacions-aud-recursos.azurewebsites.net\/es\/wp-json\/wp\/v2\/media?parent=900"}],"curies":[{"name":"wp","href":"https:\/\/api.w.org\/{rel}","templated":true}]}}