{"id":862,"date":"2023-05-09T12:50:46","date_gmt":"2023-05-09T10:50:46","guid":{"rendered":"http:\/\/installacions-audiovisuals.recursos.uoc.edu\/?page_id=862"},"modified":"2023-07-12T11:08:41","modified_gmt":"2023-07-12T09:08:41","slug":"3-8-cinetica-y-mecatronica","status":"publish","type":"page","link":"http:\/\/installacions-aud-recursos.azurewebsites.net\/es\/3-8-cinetica-y-mecatronica\/","title":{"rendered":"3.8. Cin\u00e9tica y mecatr\u00f3nica"},"content":{"rendered":"<p>El <strong>arte cin\u00e9tico<\/strong> es una corriente art\u00edstica que se caracteriza por el empleo del movimiento y el dinamismo como elementos principales de la obra. Esta corriente tiene sus <strong>antecedentes<\/strong> en la obra de artistas como <a href=\"https:\/\/es.wikipedia.org\/wiki\/Alexander_Calder\" target=\"_blank\" rel=\"noopener\"><strong>Alexander Calder<\/strong><\/a>, que fue uno de los pioneros en el uso del movimiento en el arte. Calder cre\u00f3 una serie de esculturas m\u00f3viles que se mueven gracias a la presi\u00f3n del aire o a la energ\u00eda el\u00e9ctrica, las cuales se convirtieron en unas de sus obras m\u00e1s conocidas.<\/p>\n<div class=\"featured featured-blue\"><\/p>\n<h3>Panayiotis Vassilakis<\/h3>\n<p>Otro referente hist\u00f3rico ineludible del campo del arte cin\u00e9tico es <strong>Takis<\/strong>, seud\u00f3nimo del artista griego Panayiotis Vassilakis. Takis es conocido por su trabajo en el arte cin\u00e9tico y en el arte conceptual, y porque pone un foco especial en el uso de materiales electromagn\u00e9ticos y en los efectos de la gravedad. Sus obras suelen consistir en esculturas o instalaciones que se mueven o reaccionan a diferentes est\u00edmulos, como el movimiento, el sonido o la luz.<\/p>\n<p><iframe loading=\"lazy\" title=\"Artist Takis \u2013 \u2018I Know How to Use Energy\u2019 | TateShots\" width=\"640\" height=\"360\" src=\"https:\/\/www.youtube.com\/embed\/Q5ktkR-xSoM?feature=oembed\" frameborder=\"0\" allow=\"accelerometer; autoplay; clipboard-write; encrypted-media; gyroscope; picture-in-picture; web-share\" allowfullscreen><\/iframe><\/p>\n<div class=\"tablefooter\"><p>Video 53. Takis. <em>I Know How to Use Energy.<\/em> TateShots (2019)<br \/>\nFuente: <a href=\"https:\/\/www.youtube.com\/watch?v=Q5ktkR-xSoM&amp;ab_channel=Tate\" target=\"_blank\" rel=\"noopener\">https:\/\/www.youtube.com\/watch?v=Q5ktkR-xSoM&amp;ab_channel=Tate<\/a><\/p>\n<\/div>\n<p>Para m\u00e1s informaci\u00f3n:<br \/>\n<a href=\"https:\/\/en.wikipedia.org\/wiki\/Panayiotis_Vassilakis\" target=\"_blank\" rel=\"noopener\">https:\/\/en.wikipedia.org\/wiki\/Panayiotis_Vassilakis<\/a><\/p>\n<p>\n<\/div>\n<p>Con el tiempo, el arte cin\u00e9tico fue evolucionando y se desarroll\u00f3 por medio de diferentes corrientes y artistas, como el dada\u00edsmo, el arte \u00f3ptico (<em>op art<\/em>) o el arte pobre (<em>arte povera<\/em>). A partir de los a\u00f1os setenta del siglo <span class=\"roman\">xx<\/span>, el arte cin\u00e9tico se hizo especialmente popular gracias a la aparici\u00f3n del arte digital, que ha permitido a artistas como Daniel Rozin o Collectif Scale crear instalaciones art\u00edsticas din\u00e1micas e interactivas utilizando la tecnolog\u00eda, en una <strong>nueva vertiente del arte cin\u00e9tico que podr\u00edamos llamar <em>arte mecatr\u00f3nico<\/em>, pues vincula mec\u00e1nica y electr\u00f3nica<\/strong>.<\/p>\n<div class=\"featured featured-blue\"><\/p>\n<h3>Reuben Margolin<\/h3>\n<p>Artista estadounidense conocido por su trabajo con esculturas mec\u00e1nicas e instalaciones que se mueven. Considerado una figura transicional entre el arte cin\u00e9tico \u00abtradicional\u00bb y las nuevas corrientes m\u00e1s tecnol\u00f3gicas, Margolin utiliza materiales como cuerdas, ruedas y motores para crear obras que se mueven de manera org\u00e1nica, imitando el movimiento de los animales o la vegetaci\u00f3n. Sus obras suelen ser grandes esculturas mec\u00e1nicas que se mueven lentamente, lo que crea un efecto hipn\u00f3tico y meditativo para los espectadores.<\/p>\n<p><iframe loading=\"lazy\" title=\"Reuben Margolin: On Kinetic Art\" width=\"640\" height=\"360\" src=\"https:\/\/www.youtube.com\/embed\/D2HF-1xjpP8?start=10&#038;feature=oembed\" frameborder=\"0\" allow=\"accelerometer; autoplay; clipboard-write; encrypted-media; gyroscope; picture-in-picture; web-share\" allowfullscreen><\/iframe><\/p>\n<div class=\"tablefooter\"><p>Video 54. Reuben Margolin. <em>On Kinetic Art<br \/>\n<\/em>Fuente: <a href=\"https:\/\/www.youtube.com\/watch?v=D2HF-1xjpP8&amp;t=10s&amp;ab_channel=PopTech\" target=\"_blank\" rel=\"noopener\">https:\/\/www.youtube.com\/watch?v=D2HF-1xjpP8&amp;t=10s&amp;ab_channel=PopTech<\/a><\/p>\n<\/div>\n<p>Para m\u00e1s informaci\u00f3n:<a href=\"https:\/\/www.reubenmargolin.com\/\" target=\"_blank\" rel=\"noopener\"><br \/>\n<\/a><a href=\"https:\/\/www.reubenmargolin.com\/\" target=\"_blank\" rel=\"noopener\">https:\/\/www.reubenmargolin.com\/<\/a><\/p>\n<p>\n<\/div>\n<div class=\"featured featured-blue\"><\/p>\n<h3>Daniel Rozin<\/h3>\n<p>Artista conocido por haber trabajado en el arte digital y en el arte cin\u00e9tico. Es especialmente conocido por su trabajo con espejos interactivos e instalaciones de arte que usan la reflexi\u00f3n de la luz para crear experiencias inmersivas para los espectadores. Sus espejos incluyen obras como <em>PomPom Mirror<\/em>, <em>Wooden Mirror<\/em> y <em>Trash Mirror<\/em>, las cuales utilizan materiales como perlas de pl\u00e1stico, madera o desechos para crear im\u00e1genes din\u00e1micas que se mueven y cambian en funci\u00f3n del movimiento de los espectadores. Adem\u00e1s de sus instalaciones de espejos, Rozin tambi\u00e9n ha creado otras obras de arte cin\u00e9tico que hacen uso de tecnolog\u00edas como la realidad aumentada y los motores para crear movimiento e interacci\u00f3n con los espectadores.<\/p>\n<p><iframe loading=\"lazy\" title=\"How This Guy Makes Amazing Mechanical Mirrors | Obsessed | WIRED\" width=\"640\" height=\"360\" src=\"https:\/\/www.youtube.com\/embed\/kV8v2GKC8WA?start=1&#038;feature=oembed\" frameborder=\"0\" allow=\"accelerometer; autoplay; clipboard-write; encrypted-media; gyroscope; picture-in-picture; web-share\" allowfullscreen><\/iframe><\/p>\n<div class=\"tablefooter\"><p>Video 55. Daniel Rozin. <em>How This Guy Makes Amazing Mechanical Mirrors<br \/>\n<\/em>Fuente: <a href=\"https:\/\/www.youtube.com\/watch?v=kV8v2GKC8WA&amp;t=1s&amp;ab_channel=WIRED\" target=\"_blank\" rel=\"noopener\">https:\/\/www.youtube.com\/watch?v=kV8v2GKC8WA&amp;t=1s&amp;ab_channel=WIRED<\/a><\/p>\n<\/div>\n<p>Para m\u00e1s informaci\u00f3n:<br \/>\n<a href=\"http:\/\/www.smoothware.com\/danny\/\" target=\"_blank\" rel=\"noopener\">http:\/\/www.smoothware.com\/danny\/<\/a><\/p>\n<p>\n<\/div>\n<div class=\"featured featured-blue\"><\/p>\n<h3>Collectif Scale<\/h3>\n<p>Dentro de la nueva hornada de creadores de arte cin\u00e9tico digital, cabe mencionar los \u00faltimos trabajos de los franceses Collectif Scale. Sus obras m\u00e1s actuales usan la luz y el movimiento de forma expresiva, y con un nivel de precisi\u00f3n que solo es posible gracias a los algoritmos computacionales. Sus esculturas se han exhibido en museos y festivales de todo el mundo, y han acompa\u00f1ado conciertos de m\u00fasica cl\u00e1sica.<\/p>\n<p><iframe loading=\"lazy\" title=\"FLUX | COLLECTIF SCALE | TEASER\" width=\"640\" height=\"360\" src=\"https:\/\/www.youtube.com\/embed\/cq-a1A09Khw?feature=oembed\" frameborder=\"0\" allow=\"accelerometer; autoplay; clipboard-write; encrypted-media; gyroscope; picture-in-picture; web-share\" allowfullscreen><\/iframe><\/p>\n<div class=\"tablefooter\"><p>Video 56. Collectif Scale. <em>Flux<\/em> (2021)<br \/>\nFuente: <a href=\"https:\/\/www.youtube.com\/watch?v=cq-a1A09Khw&amp;ab_channel=TETRO\" target=\"_blank\" rel=\"noopener\">https:\/\/www.youtube.com\/watch?v=cq-a1A09Khw&amp;ab_channel=TETRO<\/a><\/p>\n<\/div>\n<p>Para m\u00e1s informaci\u00f3n:<br \/>\n<a href=\"https:\/\/www.collectifscale.com\/\" target=\"_blank\" rel=\"noopener\">https:\/\/www.collectifscale.com\/<\/a><\/p>\n<p>\n<\/div>\n","protected":false},"excerpt":{"rendered":"<p>El arte cin\u00e9tico es una corriente art\u00edstica que se caracteriza por el empleo del movimiento y el dinamismo como elementos principales de la obra. Esta corriente tiene sus antecedentes en la obra de artistas como Alexander Calder, que fue uno de los pioneros en el uso del movimiento en el arte. Calder cre\u00f3 una serie [&hellip;]<\/p>\n","protected":false},"author":2,"featured_media":0,"parent":0,"menu_order":0,"comment_status":"closed","ping_status":"closed","template":"","meta":[],"acf":[],"_links":{"self":[{"href":"http:\/\/installacions-aud-recursos.azurewebsites.net\/es\/wp-json\/wp\/v2\/pages\/862"}],"collection":[{"href":"http:\/\/installacions-aud-recursos.azurewebsites.net\/es\/wp-json\/wp\/v2\/pages"}],"about":[{"href":"http:\/\/installacions-aud-recursos.azurewebsites.net\/es\/wp-json\/wp\/v2\/types\/page"}],"author":[{"embeddable":true,"href":"http:\/\/installacions-aud-recursos.azurewebsites.net\/es\/wp-json\/wp\/v2\/users\/2"}],"replies":[{"embeddable":true,"href":"http:\/\/installacions-aud-recursos.azurewebsites.net\/es\/wp-json\/wp\/v2\/comments?post=862"}],"version-history":[{"count":7,"href":"http:\/\/installacions-aud-recursos.azurewebsites.net\/es\/wp-json\/wp\/v2\/pages\/862\/revisions"}],"predecessor-version":[{"id":1241,"href":"http:\/\/installacions-aud-recursos.azurewebsites.net\/es\/wp-json\/wp\/v2\/pages\/862\/revisions\/1241"}],"wp:attachment":[{"href":"http:\/\/installacions-aud-recursos.azurewebsites.net\/es\/wp-json\/wp\/v2\/media?parent=862"}],"curies":[{"name":"wp","href":"https:\/\/api.w.org\/{rel}","templated":true}]}}