{"id":834,"date":"2023-05-09T12:25:26","date_gmt":"2023-05-09T10:25:26","guid":{"rendered":"http:\/\/installacions-audiovisuals.recursos.uoc.edu\/?page_id=834"},"modified":"2023-07-06T10:02:59","modified_gmt":"2023-07-06T08:02:59","slug":"3-4-desarrollos-escenicos-durante-los-siglos-xx-y-xxi","status":"publish","type":"page","link":"http:\/\/installacions-aud-recursos.azurewebsites.net\/es\/3-4-desarrollos-escenicos-durante-los-siglos-xx-y-xxi\/","title":{"rendered":"3.4. Desarrollos esc\u00e9nicos durante los siglos XX y XXI"},"content":{"rendered":"<p>Como hemos visto, el arte de la instalaci\u00f3n tiene una fuerte vinculaci\u00f3n con la arquitectura y, por extensi\u00f3n, con el dise\u00f1o de espacios. En este sentido, la disciplina de la escenograf\u00eda supone una referencia clara a la hora de <strong>dise\u00f1ar espacios instalativos<\/strong>, ya que las estrategias creativas y t\u00e9cnicas se relacionan con ellos de manera considerable.<\/p>\n<p>As\u00ed pues, se hace necesario hacer un breve repaso de los hitos de la escenograf\u00eda teatral a lo largo del siglo <span class=\"roman\">xx<\/span> y el <span class=\"roman\">xxi<\/span>, poniendo el acento en el uso del sonido, la luz y la imagen y en los artistas que \u2013tanto a lo largo del siglo pasado como en el actual\u2013 han hecho aportaciones relevantes a esta disciplina.<\/p>\n<div class=\"featured featured-blue\"><\/p>\n<h3>Edward Gordon Craig<\/h3>\n<p>Considerado el padre de la <strong>escenograf\u00eda<\/strong> del siglo <span class=\"roman\">xx<\/span>, Edward Gordon Craig concibi\u00f3 la escenograf\u00eda como un laboratorio de arquitecturas, biombos, prismas, escalas y segmentos por medio de los cuales consegu\u00eda la m\u00e1xima expresividad con una arquitectura m\u00ednima, sumamente simplificada. Invent\u00f3 el t\u00e9rmino <em>escenario espacial<\/em> en contraposici\u00f3n al teatro ilusionista de los siglos anteriores, en los que predominaba el texto dramat\u00fargico.<\/p>\n<p>Su obra est\u00e1 abierta, libre de interpretaci\u00f3n, llena de sugerencias. Solo con la incorporaci\u00f3n de los elementos visuales y auditivos una obra escrita puede adquirir el teatro en todo su sentido. Sus ideas han dejado un legado muy importante para la pr\u00e1ctica teatral contempor\u00e1nea. De entre ellas destaca el uso de los elementos esc\u00e9nicos en el montaje (escenograf\u00eda, vestuario, iluminaci\u00f3n, etc.), de manera que trasciendan la realidad. La influencia de Gordon Craig ha sido considerable en la concepci\u00f3n general del arte del teatro y en el campo de la escena. Craig ense\u00f1\u00f3 a los escen\u00f3grafos a rechazar la imitaci\u00f3n naturalista, a fundar su trabajo sobre los poderes de la sugerencia y a dejarse llevar por la propia imaginaci\u00f3n para despertar la del espectador.<\/p>\n<p>Para m\u00e1s informaci\u00f3n:<br \/>\n<a href=\"https:\/\/en.wikipedia.org\/wiki\/Edward_Gordon_Craig\" target=\"_blank\" rel=\"noopener\">https:\/\/en.wikipedia.org\/wiki\/Edward_Gordon_Craig<\/a><\/p>\n<p>\n<\/div>\n<div class=\"featured featured-blue\"><\/p>\n<h3>Josef Svoboda<\/h3>\n<p>Sin duda, uno de los creadores de la <strong>escena teatral y oper\u00edstica<\/strong> m\u00e1s trascendentes del siglo <span class=\"roman\">xx<\/span> es Josef Svoboda. La luz, su proyecci\u00f3n sobre el volumen y la textura, la mezcla del efecto real y simulado, pero, sobre todo, la constante experimentaci\u00f3n lo convirtieron en el artesano de la escena m\u00e1s innovador del siglo <span class=\"roman\">xx<\/span>. Su marca de identidad se reconoc\u00eda, esencialmente, por su uso de la iluminaci\u00f3n. Defensor de la dramaturgia de la luz, era esta la que creaba la atm\u00f3sfera dram\u00e1tica para cada representaci\u00f3n. Aunque sus creaciones utilizaban el volumen, tanto abstracto como con puntos de partida figurativos, la presencia de la iluminaci\u00f3n determinaba la expresividad de cada escena.<\/p>\n<p>Para m\u00e1s informaci\u00f3n:<br \/>\n<a href=\"https:\/\/monoskop.org\/Josef_Svoboda\" target=\"_blank\" rel=\"noopener\">https:\/\/monoskop.org\/Josef_Svoboda<\/a><\/p>\n<p>\n<\/div>\n<div class=\"featured featured-blue\"><\/p>\n<h3>Es Devlin<\/h3>\n<p>Una dise\u00f1adora contempor\u00e1nea de vestuario, escenograf\u00edas e instalaciones fue Es Devlin, es conocida por su trabajo con artistas como Kanye West, Lady Gaga, Take That y The Pet Shop Boys, y con directores de teatro y \u00f3pera, como Sam Mendes y Mark Morris. El trabajo de Devlin suele ser muy tecnol\u00f3gico y utiliza elementos como pantallas LED y proyecciones de v\u00eddeo para crear escenograf\u00edas espectaculares e inmersivas. Tambi\u00e9n trabaja con materiales como el metal, el pl\u00e1stico, el vidrio y la tela para crear sus obras. En general, Devlin tiene una gran habilidad a la hora de combinar diferentes t\u00e9cnicas y materiales para crear escenograf\u00edas que son ricas tanto visual como conceptualmente.<\/p>\n<p>Para m\u00e1s informaci\u00f3n:<br \/>\n<a href=\"https:\/\/esdevlin.com\/\" target=\"_blank\" rel=\"noopener\">https:\/\/esdevlin.com\/<\/a><\/p>\n<\/div>\n","protected":false},"excerpt":{"rendered":"<p>Como hemos visto, el arte de la instalaci\u00f3n tiene una fuerte vinculaci\u00f3n con la arquitectura y, por extensi\u00f3n, con el dise\u00f1o de espacios. En este sentido, la disciplina de la escenograf\u00eda supone una referencia clara a la hora de dise\u00f1ar espacios instalativos, ya que las estrategias creativas y t\u00e9cnicas se relacionan con ellos de manera [&hellip;]<\/p>\n","protected":false},"author":2,"featured_media":0,"parent":0,"menu_order":0,"comment_status":"closed","ping_status":"closed","template":"","meta":[],"acf":[],"_links":{"self":[{"href":"http:\/\/installacions-aud-recursos.azurewebsites.net\/es\/wp-json\/wp\/v2\/pages\/834"}],"collection":[{"href":"http:\/\/installacions-aud-recursos.azurewebsites.net\/es\/wp-json\/wp\/v2\/pages"}],"about":[{"href":"http:\/\/installacions-aud-recursos.azurewebsites.net\/es\/wp-json\/wp\/v2\/types\/page"}],"author":[{"embeddable":true,"href":"http:\/\/installacions-aud-recursos.azurewebsites.net\/es\/wp-json\/wp\/v2\/users\/2"}],"replies":[{"embeddable":true,"href":"http:\/\/installacions-aud-recursos.azurewebsites.net\/es\/wp-json\/wp\/v2\/comments?post=834"}],"version-history":[{"count":11,"href":"http:\/\/installacions-aud-recursos.azurewebsites.net\/es\/wp-json\/wp\/v2\/pages\/834\/revisions"}],"predecessor-version":[{"id":1196,"href":"http:\/\/installacions-aud-recursos.azurewebsites.net\/es\/wp-json\/wp\/v2\/pages\/834\/revisions\/1196"}],"wp:attachment":[{"href":"http:\/\/installacions-aud-recursos.azurewebsites.net\/es\/wp-json\/wp\/v2\/media?parent=834"}],"curies":[{"name":"wp","href":"https:\/\/api.w.org\/{rel}","templated":true}]}}