{"id":829,"date":"2023-05-09T12:20:15","date_gmt":"2023-05-09T10:20:15","guid":{"rendered":"http:\/\/installacions-audiovisuals.recursos.uoc.edu\/?page_id=829"},"modified":"2023-07-06T10:02:20","modified_gmt":"2023-07-06T08:02:20","slug":"3-3-bauhaus-y-las-vanguardias","status":"publish","type":"page","link":"http:\/\/installacions-aud-recursos.azurewebsites.net\/es\/3-3-bauhaus-y-las-vanguardias\/","title":{"rendered":"3.3. Bauhaus y las vanguardias"},"content":{"rendered":"<p>La <a href=\"https:\/\/es.wikipedia.org\/wiki\/Escuela_de_la_Bauhaus\" target=\"_blank\" rel=\"noopener\"><strong>escuela<\/strong> <strong>Bauhaus<\/strong><\/a> fue una escuela de artes y oficios fundada en Alemania en 1919 que tuvo una gran influencia en las artes pl\u00e1sticas, la arquitectura y el dise\u00f1o del siglo <span class=\"roman\">xx<\/span>. Su filosof\u00eda, basada en la idea de la integraci\u00f3n de las artes y la tecnolog\u00eda, marc\u00f3 una nueva est\u00e9tica en diferentes campos art\u00edsticos.<\/p>\n<div class=\"featured featured-blue\"><p><strong>L\u00e1szl\u00f3 Moholy-Nagy<\/strong><\/p>\n<p>Una figura destacada de la escuela Bauhaus fue L\u00e1zl\u00f3 Moholy-Nagy, un artista y te\u00f3rico del arte que aport\u00f3 sus ideas sobre la relaci\u00f3n entre las artes y la tecnolog\u00eda a los trabajos te\u00f3ricos y pr\u00e1cticos que realiz\u00f3. Moholy-Nagy fue un defensor del uso de tecnolog\u00edas como la fotograf\u00eda, el cine y la luz en el arte, y trabaj\u00f3 en varias instalaciones que combinaban estos nuevos inventos con elementos esc\u00e9nicos. Una de las instalaciones m\u00e1s relevantes de Moholy-Nagy fue <em>Light-Space-Modulator<\/em>, una instalaci\u00f3n que combinaba la luz y el movimiento para crear efectos visuales din\u00e1micos.<\/p>\n<p><iframe loading=\"lazy\" title=\"Case Study - L\u00e1szl\u00f3 Moholy-Nagy: Light-Space-Modulator\" width=\"640\" height=\"360\" src=\"https:\/\/www.youtube.com\/embed\/Eq-G3B63d44?feature=oembed\" frameborder=\"0\" allow=\"accelerometer; autoplay; clipboard-write; encrypted-media; gyroscope; picture-in-picture; web-share\" allowfullscreen><\/iframe><\/p>\n<div class=\"tablefooter\"><p>Video 44. <em>Case Study &#8211; L\u00e1szl\u00f3 Moholy-Nagy: Light-Space-Modulator<br \/>\n<\/em>Fuente: <a href=\"https:\/\/www.youtube.com\/watch?v=Eq-G3B63d44&amp;ab_channel=ChristophLenhart\" target=\"_blank\" rel=\"noopener\">https:\/\/www.youtube.com\/watch?v=Eq-G3B63d44&amp;ab_channel=ChristophLenhart<\/a><\/p>\n<\/div>\n<p>Para m\u00e1s informaci\u00f3n:<br \/>\n<a href=\"https:\/\/masdearte.com\/laszlo-moholy-nagy-lo-hizo-todo\/\" target=\"_blank\" rel=\"noopener\">https:\/\/masdearte.com\/laszlo-moholy-nagy-lo-hizo-todo\/<\/a><br \/>\n<a href=\"https:\/\/monoskop.org\/images\/b\/b4\/Moholy-Nagy_Laszlo_El_Arte_de_la_Luz_catalogue_Spanish.pdf\" target=\"_blank\" rel=\"noopener\">https:\/\/monoskop.org\/images\/b\/b4\/Moholy-Nagy_Laszlo_El_Arte_de_la_Luz_catalogue_Spanish.pdf<\/a><\/p>\n<p>\n<\/div>\n<p>Tambi\u00e9n dentro de la \u00f3rbita de la Bauhaus, <strong>Vasili Kandinski<\/strong> es considerado uno de los pioneros del arte abstracto y fue uno de los artistas m\u00e1s influyentes de la escuela. Su obra est\u00e1 fuertemente relacionada con la m\u00fasica, y Kandinski estuvo muy influenciado por las teor\u00edas del m\u00fasico Arnold Sch\u00f6nberg sobre la m\u00fasica abstracta. Kandinski vio la m\u00fasica como una fuente de inspiraci\u00f3n para su obra, y la utiliz\u00f3 como elemento estructurador de sus pinturas. Seg\u00fan el propio Kandinski, la m\u00fasica le permit\u00eda \u00abver\u00bb las formas y los colores en sus obras, ya que la m\u00fasica no estaba ligada a una representaci\u00f3n concreta del mundo, como s\u00ed lo est\u00e1n las im\u00e1genes.<\/p>\n<p>Vasili Kandinski desarroll\u00f3 sus teor\u00edas sobre la relaci\u00f3n entre la m\u00fasica y la pintura en sus libros <em>Punto y l\u00ednea sobre el plano<\/em> (1926) y <em>Sobre lo espiritual en el arte<\/em> (1911).<\/p>\n<p>En estos libros, Kandinski desarrolla la idea de que la pintura y la m\u00fasica tienen una relaci\u00f3n estrecha, puesto que ambas disciplinas son artes que se basan en la expresi\u00f3n de las emociones por medio de formas y sonidos. Kandinski afirma que \u00abla m\u00fasica es la madre del arte, ya que es la m\u00fasica la que nos habla directamente al alma\u00bb, defendiendo que la pintura debe dejar de ser una mera representaci\u00f3n del mundo visible y debe convertirse en una expresi\u00f3n de las emociones y de los sentimientos del alma.<\/p>\n<p>Aunque gran parte del sustento conceptual de las teor\u00edas de Kandinski est\u00e1 influenciado por la teosof\u00eda \u2013una corriente esot\u00e9rica que fue muy popular a finales del siglo <span class=\"roman\">xix<\/span> e inicios del <span class=\"roman\">xx<\/span>\u2013, se entrev\u00e9n una serie de ideas de convergencia entre la imagen y el sonido que se ir\u00e1n desarrollando de forma m\u00e1s profunda a lo largo del siglo <span class=\"roman\">xx<\/span> y hasta hoy en d\u00eda.<\/p>\n","protected":false},"excerpt":{"rendered":"<p>La escuela Bauhaus fue una escuela de artes y oficios fundada en Alemania en 1919 que tuvo una gran influencia en las artes pl\u00e1sticas, la arquitectura y el dise\u00f1o del siglo . Su filosof\u00eda, basada en la idea de la integraci\u00f3n de las artes y la tecnolog\u00eda, marc\u00f3 una nueva est\u00e9tica en diferentes campos art\u00edsticos. [&hellip;]<\/p>\n","protected":false},"author":2,"featured_media":0,"parent":0,"menu_order":0,"comment_status":"closed","ping_status":"closed","template":"","meta":[],"acf":[],"_links":{"self":[{"href":"http:\/\/installacions-aud-recursos.azurewebsites.net\/es\/wp-json\/wp\/v2\/pages\/829"}],"collection":[{"href":"http:\/\/installacions-aud-recursos.azurewebsites.net\/es\/wp-json\/wp\/v2\/pages"}],"about":[{"href":"http:\/\/installacions-aud-recursos.azurewebsites.net\/es\/wp-json\/wp\/v2\/types\/page"}],"author":[{"embeddable":true,"href":"http:\/\/installacions-aud-recursos.azurewebsites.net\/es\/wp-json\/wp\/v2\/users\/2"}],"replies":[{"embeddable":true,"href":"http:\/\/installacions-aud-recursos.azurewebsites.net\/es\/wp-json\/wp\/v2\/comments?post=829"}],"version-history":[{"count":5,"href":"http:\/\/installacions-aud-recursos.azurewebsites.net\/es\/wp-json\/wp\/v2\/pages\/829\/revisions"}],"predecessor-version":[{"id":1195,"href":"http:\/\/installacions-aud-recursos.azurewebsites.net\/es\/wp-json\/wp\/v2\/pages\/829\/revisions\/1195"}],"wp:attachment":[{"href":"http:\/\/installacions-aud-recursos.azurewebsites.net\/es\/wp-json\/wp\/v2\/media?parent=829"}],"curies":[{"name":"wp","href":"https:\/\/api.w.org\/{rel}","templated":true}]}}