{"id":822,"date":"2023-05-09T12:15:17","date_gmt":"2023-05-09T10:15:17","guid":{"rendered":"http:\/\/installacions-audiovisuals.recursos.uoc.edu\/?page_id=822"},"modified":"2023-07-06T10:00:52","modified_gmt":"2023-07-06T08:00:52","slug":"3-2-antecedentes-historicos","status":"publish","type":"page","link":"http:\/\/installacions-aud-recursos.azurewebsites.net\/es\/3-2-antecedentes-historicos\/","title":{"rendered":"3.2. Antecedentes hist\u00f3ricos"},"content":{"rendered":"<p>La <strong>fascinaci\u00f3n intr\u00ednsecamente humana por la luz y el sonido <\/strong>encuentra sus primeros referentes en los contextos rituales que, desde el Paleol\u00edtico, han empleado el fuego \u2013y las sombras resultantes\u2013 con motivaciones m\u00e1gicas o sugestivas. Asimismo, algunos estudios publicados en los a\u00f1os ochenta del siglo <span class=\"roman\">xx<\/span> (<a href=\"http:\/\/www.musicandmeaning.net\/issues\/showArticle.php?artID=3.2\" target=\"_blank\" rel=\"noopener\">Iegor Reznikoff<\/a> y Michel Dauvois) muestran que muchas de las cuevas donde se han encontrado pinturas rupestres presentan caracter\u00edsticas ac\u00fasticas extraordinarias, que habr\u00edan facilitado los ecos y las resonancias de la voz humana, completando la experiencia ritual de estos grupos humanos primitivos.<\/p>\n<div class=\"featured featured-grey\"><p>Para m\u00e1s informaci\u00f3n:<\/p>\n<p>Art\u00edculo <em>SXP2011: El arte inmersivo como nuevo primitivismo (I). Desde fuera<\/em>\u00a0de Miguel \u00c1lvarez-Fern\u00e1ndez a <a href=\"http:\/\/www.mediateletipos.net\/archives\/13034\" target=\"_blank\" rel=\"noopener\">Mediateletipos<\/a><\/p>\n<\/div>\n<p>El teatro griego tambi\u00e9n utilizaba los \u00abefectos especiales\u00bb de la luz, a trav\u00e9s de espejos y reflectores, con el fin de crear rayos y rel\u00e1mpagos, o la luz de las antorchas para crear sombras y ambientes dram\u00e1ticos. Asimismo, desde el siglo <span class=\"roman\">ii<\/span> a. C. que hay registros de teatros de sombras en China.<\/p>\n<p>En la edad media, una serie de <strong>tecnolog\u00edas de la luz<\/strong> \u2013desde los vitrales de las iglesias hasta el azufre o las velas\u2013 sirven como elemento para reforzar las representaciones de los dramas sacros y la figuraci\u00f3n del para\u00edso o del infierno.<\/p>\n<div class=\"featured featured-grey\"><p>Para m\u00e1s informaci\u00f3n:<\/p>\n<p>Ensayo <a href=\"https:\/\/wiki.ead.pucv.cl\/Luz,_un_medio_de_composici%C3%B3n_hacia_la_percepci%C3%B3n_esc%C3%A9nica-Catalina_Valenzuela_Mena\" target=\"_blank\" rel=\"noopener\"><em>Luz, un medio de composici\u00f3n hacia la percepci\u00f3n esc\u00e9nica<\/em><\/a> de Catalina Valenzuela Mena<\/p>\n<\/div>\n<p>Los sucesivos avances cient\u00edficos y tecnol\u00f3gicos posteriores, de la l\u00e1mpara de aceite a los avances en \u00f3ptica y mec\u00e1nica, refinan las posibilidades del dise\u00f1o esc\u00e9nico. Con la llegada del Romanticismo, la \u00f3pera integra todos estos avances en un espect\u00e1culo total que despliega las posibilidades de las tecnolog\u00edas sonoras y visuales del momento.<\/p>\n<p>Desde finales del siglo <span class=\"roman\">xvi<\/span>, una corriente de ingenier\u00eda creativa empieza a dar unos frutos que, vistos en perspectiva, enlazan muy bien con algunas pr\u00e1cticas de creaci\u00f3n audiovisual contempor\u00e1neas. Estamos hablando de los \u00f3rganos de color.<\/p>\n<div class=\"featured featured-blue\"><\/p>\n<h3>Los \u00f3rganos de color<\/h3>\n<p>Dispositivos mec\u00e1nicos o electromec\u00e1nicos que producen luz en respuesta a la m\u00fasica. Uno de los primeros registros documentados de este tipo de ingenios es obra de Arcimboldo, el pintor manierista (famoso por haber hecho retratos con frutas). Desde entonces, todo tipo de inventos se fueron sucediendo: desde la chromola, en 1910, de Aleksandr Skriabin, hasta el clavilux, en 1919, de Thomas Wilfred, que utilizaba una serie de discos de vidrio de colores y proyectores para crear visualizaci\u00f3n de la m\u00fasica, y tambi\u00e9n los \u00f3rganos de color utilizados por Pink Floyd, The Who o Grateful Dead en sus conciertos de rock progresivo y psicod\u00e9lico.<\/p>\n<figure id=\"attachment_406\" aria-describedby=\"caption-attachment-406\" style=\"width: 500px\" class=\"wp-caption alignnone\"><img decoding=\"async\" loading=\"lazy\" class=\"wp-image-406 size-full\" src=\"\/wp-content\/uploads\/2023\/05\/PID_00294056_4_45.jpeg\" alt=\"\" width=\"500\" height=\"363\" srcset=\"\/wp-content\/uploads\/2023\/05\/PID_00294056_4_45.jpeg 500w, \/wp-content\/uploads\/2023\/05\/PID_00294056_4_45-300x218.jpeg 300w\" sizes=\"(max-width: 500px) 100vw, 500px\" \/><figcaption id=\"caption-attachment-406\" class=\"wp-caption-text\">Figura 12. Alexander Wallace Rimington. <em>Colour Organs<\/em><br \/>Fuente: <a href=\"https:\/\/www.dataisnature.com\/?p=443\" target=\"_blank\" rel=\"noopener\">https:\/\/www.dataisnature.com\/?p=443<\/a><\/figcaption><\/figure>\n<p>Para m\u00e1s informaci\u00f3n:<br \/>\n<a href=\"https:\/\/academiccommons.columbia.edu\/doi\/10.7916\/d8-deyr-mt23\" target=\"_blank\" rel=\"noopener\">https:\/\/academiccommons.columbia.edu\/doi\/10.7916\/d8-deyr-mt23<\/a><br \/>\n<a href=\"https:\/\/www.theatlantic.com\/technology\/archive\/2015\/11\/color-organs\/414460\/\" target=\"_blank\" rel=\"noopener\">https:\/\/www.theatlantic.com\/technology\/archive\/2015\/11\/color-organs\/414460\/<\/a><\/p>\n<p>\n<\/div>\n<p>Estos <strong>desarrollos t\u00e9cnicos orientados al control preciso de la luz<\/strong> eclosionar\u00e1n definitivamente a finales del siglo <span class=\"roman\">xix<\/span>, con la aparici\u00f3n del cinemat\u00f3grafo de los hermanos Lumi\u00e8re. No obstante, una serie de ingenios protocinematogr\u00e1ficos sentar\u00e1n las bases de la tecnolog\u00eda del cine, y generar\u00e1n l\u00edneas de investigaci\u00f3n paralelas a los recursos \u00f3pticos que inspirar\u00edan a varias generaciones de artistas en su exploraci\u00f3n de la luz como materia creativa. Estamos hablando de juguetes y artefactos como el phenakistoscopio, el zootrop o el praxinoscopio.<\/p>\n<p><iframe loading=\"lazy\" title=\"Film Before Film - Phenakistoscope, Zootrope, Praxinoscope\" width=\"640\" height=\"480\" src=\"https:\/\/www.youtube.com\/embed\/r4B3FHHt_k8?feature=oembed\" frameborder=\"0\" allow=\"accelerometer; autoplay; clipboard-write; encrypted-media; gyroscope; picture-in-picture; web-share\" allowfullscreen><\/iframe><\/p>\n<div class=\"tablefooter\"><p>Video 43. <em>Film Before Film &#8211; Phenakistoscope, Zootrope, Praxinoscope<br \/>\n<\/em>Fuente: <a href=\"https:\/\/www.youtube.com\/watch?v=r4B3FHHt_k8&amp;ab_channel=BernardWelt\" target=\"_blank\" rel=\"noopener\">https:\/\/www.youtube.com\/watch?v=r4B3FHHt_k8&amp;ab_channel=BernardWelt<\/a><\/p>\n<\/div>\n","protected":false},"excerpt":{"rendered":"<p>La fascinaci\u00f3n intr\u00ednsecamente humana por la luz y el sonido encuentra sus primeros referentes en los contextos rituales que, desde el Paleol\u00edtico, han empleado el fuego \u2013y las sombras resultantes\u2013 con motivaciones m\u00e1gicas o sugestivas. Asimismo, algunos estudios publicados en los a\u00f1os ochenta del siglo (Iegor Reznikoff y Michel Dauvois) muestran que muchas de las [&hellip;]<\/p>\n","protected":false},"author":2,"featured_media":0,"parent":0,"menu_order":0,"comment_status":"closed","ping_status":"closed","template":"","meta":[],"acf":[],"_links":{"self":[{"href":"http:\/\/installacions-aud-recursos.azurewebsites.net\/es\/wp-json\/wp\/v2\/pages\/822"}],"collection":[{"href":"http:\/\/installacions-aud-recursos.azurewebsites.net\/es\/wp-json\/wp\/v2\/pages"}],"about":[{"href":"http:\/\/installacions-aud-recursos.azurewebsites.net\/es\/wp-json\/wp\/v2\/types\/page"}],"author":[{"embeddable":true,"href":"http:\/\/installacions-aud-recursos.azurewebsites.net\/es\/wp-json\/wp\/v2\/users\/2"}],"replies":[{"embeddable":true,"href":"http:\/\/installacions-aud-recursos.azurewebsites.net\/es\/wp-json\/wp\/v2\/comments?post=822"}],"version-history":[{"count":10,"href":"http:\/\/installacions-aud-recursos.azurewebsites.net\/es\/wp-json\/wp\/v2\/pages\/822\/revisions"}],"predecessor-version":[{"id":1194,"href":"http:\/\/installacions-aud-recursos.azurewebsites.net\/es\/wp-json\/wp\/v2\/pages\/822\/revisions\/1194"}],"wp:attachment":[{"href":"http:\/\/installacions-aud-recursos.azurewebsites.net\/es\/wp-json\/wp\/v2\/media?parent=822"}],"curies":[{"name":"wp","href":"https:\/\/api.w.org\/{rel}","templated":true}]}}