{"id":818,"date":"2023-05-09T12:11:16","date_gmt":"2023-05-09T10:11:16","guid":{"rendered":"http:\/\/installacions-audiovisuals.recursos.uoc.edu\/?page_id=818"},"modified":"2023-06-12T11:56:33","modified_gmt":"2023-06-12T09:56:33","slug":"3-1-introduccion-espacio-abstraccion-inmersion","status":"publish","type":"page","link":"http:\/\/installacions-aud-recursos.azurewebsites.net\/es\/3-1-introduccion-espacio-abstraccion-inmersion\/","title":{"rendered":"3.1. Introducci\u00f3n: espacio, abstracci\u00f3n, inmersi\u00f3n"},"content":{"rendered":"<p>Como hemos visto, el territorio de la <strong>instalaci\u00f3n audiovisual busca la emancipaci\u00f3n de los marcos cuadrados de las pantallas convencionales integrando el espacio arquitect\u00f3nico como parte de la obra<\/strong>. Este hecho es, si cabe, m\u00e1s notorio en aquellas instalaciones que, aun siendo audiovisuales, dejan de lado la tecnolog\u00eda del video para centrarse en el recurso de <strong>la luz<\/strong> y <strong>el sonido<\/strong>, <strong>sin el apoyo de la imagen<\/strong>.<\/p>\n<p>La <strong>naturaleza abstracta de la luz<\/strong>, as\u00ed como sus efectos psicol\u00f3gicos, ofrece a los artistas un medio sugerente y evocador, m\u00e1s po\u00e9tico que conceptual, y les permite trabajar a fondo un universo de sensaciones y de juegos perceptivos.<\/p>\n<p>En este contexto, <strong>la arquitectura juega un papel fundamental<\/strong>, pues ya no se trata solo de un soporte sobre el que se puede proyectar una imagen. La arquitectura <strong>se convierte en una parte inseparable de la obra<\/strong> y, como veremos, en muchos casos <strong>se trata del objeto en s\u00ed mismo de las obras<\/strong>. Es por ello que prestaremos atenci\u00f3n a disciplinas cercanas al dise\u00f1o arquitect\u00f3nico, como la escenograf\u00eda y sus innovaciones a lo largo de los siglos <span class=\"roman\">xx<\/span> y <span class=\"roman\">xxi<\/span>.<\/p>\n<p>Tambi\u00e9n veremos c\u00f3mo, en muchos casos, y dada la naturaleza abstracta de la luz, el sonido se convierte en el \u00abnarrador\u00bb de las obras \u2013el portador del significado\u2013, y sirve de elemento estructurador, tanto por medio de t\u00e9cnicas de sincron\u00eda audiovisual, como de narraci\u00f3n figurativa o de evocaci\u00f3n emotiva. Es por ello que tambi\u00e9n pondremos el foco en los desarrollos de la <strong>investigaci\u00f3n musical y sonora a lo largo de los siglos <span class=\"roman\">xx<\/span> y <span class=\"roman\">xxi<\/span><\/strong>, pues pueden resultar reveladores a la hora de plantear trabajos vinculados con el formato de la instalaci\u00f3n audiovisual.<\/p>\n<p>Como veremos, en las instalaciones contempor\u00e1neas de luz y sonido es habitual <strong>usar la inform\u00e1tica con el fin de orquestar los diferentes elementos sonoros, lum\u00ednicos o cin\u00e9ticos de forma coherente<\/strong>. Estudiaremos artistas contempor\u00e1neos que usan virtuosamente estas nuevas t\u00e9cnicas, y ofreceremos una serie de recursos en l\u00ednea que nos ayudar\u00e1n a continuar expandiendo nuestro conocimiento con el fin de alcanzar las competencias necesarias para dise\u00f1ar y ejecutar instalaciones audiovisuales de luz y sonido.<\/p>\n","protected":false},"excerpt":{"rendered":"<p>Como hemos visto, el territorio de la instalaci\u00f3n audiovisual busca la emancipaci\u00f3n de los marcos cuadrados de las pantallas convencionales integrando el espacio arquitect\u00f3nico como parte de la obra. Este hecho es, si cabe, m\u00e1s notorio en aquellas instalaciones que, aun siendo audiovisuales, dejan de lado la tecnolog\u00eda del video para centrarse en el recurso [&hellip;]<\/p>\n","protected":false},"author":2,"featured_media":0,"parent":0,"menu_order":0,"comment_status":"closed","ping_status":"closed","template":"","meta":[],"acf":[],"_links":{"self":[{"href":"http:\/\/installacions-aud-recursos.azurewebsites.net\/es\/wp-json\/wp\/v2\/pages\/818"}],"collection":[{"href":"http:\/\/installacions-aud-recursos.azurewebsites.net\/es\/wp-json\/wp\/v2\/pages"}],"about":[{"href":"http:\/\/installacions-aud-recursos.azurewebsites.net\/es\/wp-json\/wp\/v2\/types\/page"}],"author":[{"embeddable":true,"href":"http:\/\/installacions-aud-recursos.azurewebsites.net\/es\/wp-json\/wp\/v2\/users\/2"}],"replies":[{"embeddable":true,"href":"http:\/\/installacions-aud-recursos.azurewebsites.net\/es\/wp-json\/wp\/v2\/comments?post=818"}],"version-history":[{"count":2,"href":"http:\/\/installacions-aud-recursos.azurewebsites.net\/es\/wp-json\/wp\/v2\/pages\/818\/revisions"}],"predecessor-version":[{"id":820,"href":"http:\/\/installacions-aud-recursos.azurewebsites.net\/es\/wp-json\/wp\/v2\/pages\/818\/revisions\/820"}],"wp:attachment":[{"href":"http:\/\/installacions-aud-recursos.azurewebsites.net\/es\/wp-json\/wp\/v2\/media?parent=818"}],"curies":[{"name":"wp","href":"https:\/\/api.w.org\/{rel}","templated":true}]}}