{"id":812,"date":"2023-05-09T12:08:08","date_gmt":"2023-05-09T10:08:08","guid":{"rendered":"http:\/\/installacions-audiovisuals.recursos.uoc.edu\/?page_id=812"},"modified":"2023-06-12T11:53:39","modified_gmt":"2023-06-12T09:53:39","slug":"2-9-5-postproyecto","status":"publish","type":"page","link":"http:\/\/installacions-aud-recursos.azurewebsites.net\/es\/2-9-5-postproyecto\/","title":{"rendered":"2.9.5. Postproyecto"},"content":{"rendered":"<h4><strong>Facturaci\u00f3n<\/strong><\/h4>\n<p>Una vez realizado satisfactoriamente el proyecto, queda cobrar por nuestros servicios, por lo que tendremos que hacer las facturas correspondientes para que se haga efectiva nuestra remuneraci\u00f3n. Si hemos contratado a trabajadores, hemos colaborado con aut\u00f3nomos o hemos encargado servicios a proveedores, tendremos que asumir los pagos acordados.<\/p>\n<h4><strong>Edici\u00f3n de la documentaci\u00f3n<\/strong><\/h4>\n<p>En este punto hacemos la edici\u00f3n del material audiovisual y fotogr\u00e1fico de la obra como herramienta de documentaci\u00f3n, exhibici\u00f3n y difusi\u00f3n. Para cada canal de difusi\u00f3n que se pueda usar, se ha de pensar en estrategias y formatos diferentes. No documentamos igual si utilizamos YouTube, que si utilizamos Instagram o TikTok.<\/p>\n<h4><strong>Publicaci\u00f3n en las redes sociales y en la prensa<\/strong><\/h4>\n<p>En la era de las redes sociales, la documentaci\u00f3n audiovisual y su difusi\u00f3n por medio de distintos canales es una oportunidad para darse a conocer y conseguir nuevos proyectos.<\/p>\n","protected":false},"excerpt":{"rendered":"<p>Facturaci\u00f3n Una vez realizado satisfactoriamente el proyecto, queda cobrar por nuestros servicios, por lo que tendremos que hacer las facturas correspondientes para que se haga efectiva nuestra remuneraci\u00f3n. Si hemos contratado a trabajadores, hemos colaborado con aut\u00f3nomos o hemos encargado servicios a proveedores, tendremos que asumir los pagos acordados. Edici\u00f3n de la documentaci\u00f3n En este [&hellip;]<\/p>\n","protected":false},"author":2,"featured_media":0,"parent":0,"menu_order":0,"comment_status":"closed","ping_status":"closed","template":"","meta":[],"acf":[],"_links":{"self":[{"href":"http:\/\/installacions-aud-recursos.azurewebsites.net\/es\/wp-json\/wp\/v2\/pages\/812"}],"collection":[{"href":"http:\/\/installacions-aud-recursos.azurewebsites.net\/es\/wp-json\/wp\/v2\/pages"}],"about":[{"href":"http:\/\/installacions-aud-recursos.azurewebsites.net\/es\/wp-json\/wp\/v2\/types\/page"}],"author":[{"embeddable":true,"href":"http:\/\/installacions-aud-recursos.azurewebsites.net\/es\/wp-json\/wp\/v2\/users\/2"}],"replies":[{"embeddable":true,"href":"http:\/\/installacions-aud-recursos.azurewebsites.net\/es\/wp-json\/wp\/v2\/comments?post=812"}],"version-history":[{"count":3,"href":"http:\/\/installacions-aud-recursos.azurewebsites.net\/es\/wp-json\/wp\/v2\/pages\/812\/revisions"}],"predecessor-version":[{"id":815,"href":"http:\/\/installacions-aud-recursos.azurewebsites.net\/es\/wp-json\/wp\/v2\/pages\/812\/revisions\/815"}],"wp:attachment":[{"href":"http:\/\/installacions-aud-recursos.azurewebsites.net\/es\/wp-json\/wp\/v2\/media?parent=812"}],"curies":[{"name":"wp","href":"https:\/\/api.w.org\/{rel}","templated":true}]}}