{"id":788,"date":"2023-05-09T11:36:23","date_gmt":"2023-05-09T09:36:23","guid":{"rendered":"http:\/\/installacions-audiovisuals.recursos.uoc.edu\/?page_id=788"},"modified":"2023-06-12T11:26:47","modified_gmt":"2023-06-12T09:26:47","slug":"2-9-1-preproyecto","status":"publish","type":"page","link":"http:\/\/installacions-aud-recursos.azurewebsites.net\/es\/2-9-1-preproyecto\/","title":{"rendered":"2.9.1. Preproyecto"},"content":{"rendered":"<div class=\"featured featured-blue\"><p>Vamos a analizar un proyecto realizado en 2010 por Telenoika Mapping en las ruinas de S. Paul, en la isla de Macao, en el marco del Festival de Arte Contempor\u00e1neo de Macao.<\/p>\n<\/div>\n<h4><strong>Encargo<\/strong><\/h4>\n<p>El caso concreto que vamos a analizar parte de un encargo del Festival de Arte Contempor\u00e1neo de Macao a Telenoika. En otros casos, se podr\u00eda tratar de la propuesta de un equipo creativo a una convocatoria, de la autofinanciaci\u00f3n de un proyecto o de la otorgaci\u00f3n de una beca o residencia art\u00edstica. En el caso de un encargo, un aspecto importante es la libertad creativa que el encargo conlleva o si, por el contrario, el cliente establece una serie de \u00edtems que hay que cumplimentar. El hecho de que existan unos \u00edtems a seguir nos puede ayudar a la hora de definir el concepto del proyecto, la narrativa, la propuesta visual y la banda sonora.<\/p>\n<h4><strong>Visita t\u00e9cnica<\/strong><\/h4>\n<p>En un proyecto de <em>mapping<\/em>, la visita t\u00e9cnica es una fase fundamental, ya que es en dicha visita en la que establecemos las bases del proyecto, tanto a nivel t\u00e9cnico como a nivel conceptual. Lo ideal, como en el caso de Macao, es poder hacer una visita f\u00edsica al espacio, pero si esto no es posible se pueden pedir fotograf\u00edas, medias y otro tipo de informaci\u00f3n de forma telem\u00e1tica. Incluso podr\u00edamos llegar a hacer una visita t\u00e9cnica mediante Google Maps y Google Earth.<\/p>\n<p>En el caso del <em>mapping<\/em> en las ruinas de S. Paul, tres componentes del equipo de Telenoika viajaron a Macao para realizar una visita t\u00e9cnica y una primera toma de contacto con el espacio y la cultura de la ciudad. Durante los d\u00edas que dur\u00f3 la visita t\u00e9cnica, se aprovech\u00f3 para tomar fotograf\u00edas de elementos gr\u00e1ficos representativos de la ciudad que pod\u00edan ser susceptibles de usarse en la creaci\u00f3n de contenidos y que, finalmente, sirvieron para la realizaci\u00f3n del <em>story board<\/em> y el <em>artbook<\/em> del proyecto. A la vez, se establecieron las condiciones de ubicaci\u00f3n de los equipos t\u00e9cnicos, el proyector, el control, el equipo de sonido, el p\u00fablico\u2026 Y se hicieron mediciones de la fachada de las ruinas de S. Paul, de la distancia desde la ubicaci\u00f3n futura del proyector hasta la fachada y de la altura a la que se posicionar\u00eda el proyector. Todos estos datos sirvieron para hacer planos, un proyecto t\u00e9cnico y el <em>rider <\/em>o especificaci\u00f3n t\u00e9cnica del proyecto.<\/p>\n<h4><strong>Concepto<\/strong><\/h4>\n<p>En esta fase se establece la conceptualizaci\u00f3n del proyecto sobre la base de la morfolog\u00eda de la fachada en la que se va a realizar y de los \u00edtems establecidos en el encargo. En el caso de estudio de Macao, hab\u00eda libertad creativa total y, por lo tanto, el concepto de la obra part\u00eda del equipo creativo de Telenoika.<\/p>\n<p>Partiendo del desconocimiento total sobre Macao, su historia y su cultura, el equipo de Telenoika se propuso realizar una fase previa de documentaci\u00f3n de la historia y la cultura de la ciudad y de la historia de la propia fachada de las ruinas de S. Paul. Es a partir de esta fase de documentaci\u00f3n cuando se pueden comenzar a establecer relaciones entre la narrativa, seg\u00fan la historia documentada, y el dise\u00f1o, seg\u00fan la morfolog\u00eda del edificio y la toma de referencias visuales realizada durante la visita t\u00e9cnica.<\/p>\n<p>De este an\u00e1lisis de los elementos documentales, la morfolog\u00eda del edificio y la intencionalidad del equipo creativo, se establece el t\u00edtulo y concepto de la obra: <em>Encontros<\/em>, con el que se pretende establecer de manera visual una relaci\u00f3n entre tradici\u00f3n y modernidad, cultura oriental y occidental, encuentro de lenguas y lenguajes, etc. Este desarrollo permite estructurar la pieza en cap\u00edtulos que tienen momentos en fases hist\u00f3ricas diferentes o que se diferencian entre s\u00ed por el concepto visual.<\/p>\n<h4><strong>Previsi\u00f3n t\u00e9cnica<\/strong><\/h4>\n<p>De acuerdo con todas las mediciones y todos los datos recopilados durante la visita t\u00e9cnica, se puede establecer una previsi\u00f3n t\u00e9cnica en la que se fijan todas las condiciones t\u00e9cnicas que permitir\u00e1n un desarrollo satisfactorio del proyecto.<\/p>\n<p>En esta fase se definen los siguientes aspectos del proyecto t\u00e9cnico:<\/p>\n<ul>\n<li>Medidas de la fachada de las ruinas de S. Paul.<\/li>\n<li>Distancia entre la fachada y el videoproyector.<\/li>\n<li>Altura del proyector respecto al p\u00fablico.<\/li>\n<li>C\u00e1lculo de la potencia lum\u00ednica.<\/li>\n<li>C\u00e1lculo de las lentes de proyecci\u00f3n.<\/li>\n<li>Elecci\u00f3n del videoproyector.<\/li>\n<li>Posici\u00f3n del equipo de sonido.<\/li>\n<li>C\u00e1lculo de la potencia del equipo de sonido.<\/li>\n<li>Ubicaci\u00f3n del alumbrado p\u00fablico susceptible de ser apagado.<\/li>\n<\/ul>\n<p>Una vez definidas estas variables, se puede redactar un documento con observaciones t\u00e9cnicas y enviarlo al cliente.<\/p>\n<h4><strong>Documento de entrega<\/strong><\/h4>\n<p>Una vez realizada toda la documentaci\u00f3n t\u00e9cnica y la art\u00edstica del proyecto, es recomendable entregar un documento en el que queden claras y bien definidas las caracter\u00edsticas del mismo. Dicho proyecto es tambi\u00e9n una carta de presentaci\u00f3n de cara al cliente, por lo que la presentaci\u00f3n gr\u00e1fica, el dise\u00f1o y los componentes textuales son importantes.<\/p>\n<h4><strong>Presupuesto<\/strong><\/h4>\n<p>En esta fase desarrollamos el documento del presupuesto, en el que se definen y cotizan las distintas partidas presupuestarias del proyecto. Dependiendo del proyecto y del tipo de acuerdo contractual entre el cliente y el prestador de servicios, el apartado presupuestario puede variar de un caso a otro.<\/p>\n<p>En el caso concreto de Macao, exist\u00eda una partida presupuestaria cerrada para el desarrollo conceptual y t\u00e9cnico del proyecto, y para la creaci\u00f3n de contenidos. Esta partida ven\u00eda a definir los costes por el cach\u00e9 del equipo t\u00e9cnico y creativo. El resto de gastos derivados de la realizaci\u00f3n del proyecto, como viajes, estancias en hoteles, dietas, desplazamientos y alquiler y montaje de equipos t\u00e9cnicos, estaba cubierto por el Festival de Arte Contempor\u00e1neo de Macao.<\/p>\n<p>Podremos encontrar proyectos en los que tengamos que asumir todos los gastos de producci\u00f3n, por lo que la definici\u00f3n del presupuesto es importante para establecer la viabilidad econ\u00f3mica del proyecto, as\u00ed como la balanza coste-beneficio. El hecho de que artistas y estudios creativos sin una estructura econ\u00f3mica s\u00f3lida acepten el encargo de un proyecto de grandes caracter\u00edsticas y de una gran dotaci\u00f3n presupuestaria les puede suponer un problema econ\u00f3mico. En muchos casos, para poder asumir ciertos proyectos es necesario pedir un porcentaje del presupuesto del proyecto en el momento de la firma del contrato. Con este adelanto se pueden cubrir partidas presupuestarias de gastos que la parte prestadora de servicios tiene que asumir para poder llevar a cabo el proyecto. De lo contrario, la parte prestadora de servicios tendr\u00eda que asumir gastos como viajes, alquiler de equipos u otras partidas presupuestarias adelantando dinero.<\/p>\n<p>Hay que tener en cuenta que algunos proyectos pueden tardar meses en cobrarse y, mientras tanto, es posible que tengamos que asumir responsabilidades fiscales sin haber cobrado a\u00fan por nuestros servicios. Adelantar el 21 % de IVA puede suponer un contratiempo, dependiendo de la cuant\u00eda facturada por el proyecto, si nuestra situaci\u00f3n econ\u00f3mica no es s\u00f3lida.<\/p>\n<p>En definitiva, se trata de fragmentar el proyecto en fases y partidas presupuestarias para despu\u00e9s cotizar cada una de estas y poder establecer el coste real del proyecto de cara al cliente.<\/p>\n<h4><strong>Contrato<\/strong><\/h4>\n<p>Como en toda relaci\u00f3n entre dos partes en las que se establece un intercambio de bienes y servicios, es imprescindible redactar un contrato en el que queden definidos los t\u00e9rminos de la relaci\u00f3n contractual, as\u00ed como los deberes, los derechos y las obligaciones de las partes. Normalmente, se establece tambi\u00e9n la cuant\u00eda a pagar por los servicios realizados y los t\u00e9rminos temporales de pago. Tambi\u00e9n se redactan cl\u00e1usulas que determinan circunstancias concretas, como cancelaciones por mal tiempo o indemnizaciones en caso de cancelaci\u00f3n contractual por una de las partes.<\/p>\n","protected":false},"excerpt":{"rendered":"<p>Encargo El caso concreto que vamos a analizar parte de un encargo del Festival de Arte Contempor\u00e1neo de Macao a Telenoika. En otros casos, se podr\u00eda tratar de la propuesta de un equipo creativo a una convocatoria, de la autofinanciaci\u00f3n de un proyecto o de la otorgaci\u00f3n de una beca o residencia art\u00edstica. En el [&hellip;]<\/p>\n","protected":false},"author":2,"featured_media":0,"parent":0,"menu_order":0,"comment_status":"closed","ping_status":"closed","template":"","meta":[],"acf":[],"_links":{"self":[{"href":"http:\/\/installacions-aud-recursos.azurewebsites.net\/es\/wp-json\/wp\/v2\/pages\/788"}],"collection":[{"href":"http:\/\/installacions-aud-recursos.azurewebsites.net\/es\/wp-json\/wp\/v2\/pages"}],"about":[{"href":"http:\/\/installacions-aud-recursos.azurewebsites.net\/es\/wp-json\/wp\/v2\/types\/page"}],"author":[{"embeddable":true,"href":"http:\/\/installacions-aud-recursos.azurewebsites.net\/es\/wp-json\/wp\/v2\/users\/2"}],"replies":[{"embeddable":true,"href":"http:\/\/installacions-aud-recursos.azurewebsites.net\/es\/wp-json\/wp\/v2\/comments?post=788"}],"version-history":[{"count":3,"href":"http:\/\/installacions-aud-recursos.azurewebsites.net\/es\/wp-json\/wp\/v2\/pages\/788\/revisions"}],"predecessor-version":[{"id":791,"href":"http:\/\/installacions-aud-recursos.azurewebsites.net\/es\/wp-json\/wp\/v2\/pages\/788\/revisions\/791"}],"wp:attachment":[{"href":"http:\/\/installacions-aud-recursos.azurewebsites.net\/es\/wp-json\/wp\/v2\/media?parent=788"}],"curies":[{"name":"wp","href":"https:\/\/api.w.org\/{rel}","templated":true}]}}